{"id":4650,"date":"2021-06-02T14:31:19","date_gmt":"2021-06-02T14:31:19","guid":{"rendered":"https:\/\/helette.fr\/mes-demarches\/"},"modified":"2022-06-15T07:19:51","modified_gmt":"2022-06-15T07:19:51","slug":"mes-demarches","status":"publish","type":"page","link":"https:\/\/helette.fr\/eu\/mes-demarches\/","title":{"rendered":"Desmartxak"},"content":{"rendered":"<p>[vc_row row_content_width=&#8221;grid&#8221; css=&#8221;.vc_custom_1623227748905{margin-bottom: 60px !important;}&#8221;][vc_column width=&#8221;1\/3&#8243;][vc_widget_sidebar sidebar_id=&#8221;shop-sidebar&#8221;][\/vc_column][vc_column width=&#8221;2\/3&#8243;]<div class=\"qodef-accordion-holder qodef-ac-default  qodef-accordion qodef-ac-boxed  clearfix\">\n\t<div class=\"qodef-border-holder\">\n\t<h6 class=\"qodef-accordion-title\">\n\t\t<span class=\"qodef-accordion-mark\">\n\t\t\t<span class=\"qodef_icon_plus icon-arrow-up-circle\"><\/span>\n\t\t\t<span class=\"qodef_icon_minus icon-arrow-down-circle\"><\/span>\n\t\t<\/span>\n\t\t<span class=\"qodef-tab-title\">Egoera zibila<\/span>\n\t<\/h6>\n\t<div class=\"qodef-accordion-content\">\n\t\t<div class=\"qodef-accordion-content-inner\">\n\t\t\t[vc_single_image image=&#8221;3620&#8243; img_size=&#8221;full&#8221; css=&#8221;.vc_custom_1629275371165{margin-bottom: 20px !important;}&#8221;][vc_column_text]<\/p>\n<p class=\"p1\">Egoera zibil zerbitzuak sortze, ezkontza, PACS eta heriotza agiriak egiten ditu, baita egoera zibil aldaketak eta familia liburuxkak ere.<\/p>\n<p class=\"p1\">Oharra: orain, egoera zibileko e-zerbitzu anitz Frantziako Service-Public.fr plataforman egiten ahal dira\u00a0:<\/p>\n<p><strong>Nortasun agiria eta pasaportea<\/strong> : Hazparneko, Kanboko eta Donapaleuko herriko etxeetan hitzordua hartuz, ala hitzordurik gabe Donibane Garaziko herriko etxean. Galdeak osa daitezke <span style=\"text-decoration: underline;\"><span style=\"text-decoration: underline;\"><a href=\"https:\/\/www.service-public.fr\/particuliers\/vosdroits\/N358\" target=\"_blank\" rel=\"noopener\"> hemen<\/a><\/span><\/span><\/p>\n<p><strong>Matrikula ziurtagiria<\/strong> :\u00a0webgune ofizialean <span style=\"text-decoration: underline;\"><a href=\"http:\/\/immatriculation.ants.gouv.fr\" target=\"_blank\" rel=\"noopener\"><span class=\"s2\">http:\/\/immatriculation.ants.gouv.fr<\/span><\/a><\/span> ala ibilgailuen matrikula sisteman prefekturak zerrendatu Pirinio Atlantikoetako garajeetan.<\/p>\n<p><strong>Gida baimena<\/strong> :\u00a0<span style=\"text-decoration: underline;\"><a href=\"http:\/\/www.service-public\/particuliers\/vosdroits\/N530\" target=\"_blank\" rel=\"noopener\">http:\/\/www.service-public\/particuliers\/vosdroits\/N530<\/a><\/span><\/p>\n<p><strong>Paperen galtzea<\/strong> :\u00a0<span style=\"text-decoration: underline;\"><a title=\"acc\u00e8s \u00e0 vos droits et d\u00e9marches sur service-public.fr\" href=\"https:\/\/www.service-public.fr\/particuliers\/vosdroits\/F1344\" target=\"_blank\" rel=\"noopener\"> Paperak galdu dituzula jakinarazteko adierazpen numerikoa <\/a><\/span>[\/vc_column_text]\t\t<\/div>\n\t<\/div>\n<\/div>\n<div class=\"qodef-border-holder\">\n\t<h6 class=\"qodef-accordion-title\">\n\t\t<span class=\"qodef-accordion-mark\">\n\t\t\t<span class=\"qodef_icon_plus icon-arrow-up-circle\"><\/span>\n\t\t\t<span class=\"qodef_icon_minus icon-arrow-down-circle\"><\/span>\n\t\t<\/span>\n\t\t<span class=\"qodef-tab-title\">Errolda<\/span>\n\t<\/h6>\n\t<div class=\"qodef-accordion-content\">\n\t\t<div class=\"qodef-accordion-content-inner\">\n\t\t\t[vc_column_text]<\/p>\n<ul>\n<li><a title=\"acc\u00e8s \u00e0 vos droits et d\u00e9marches sur service-public.fr\" href=\"http:\/\/vosdroits.service-public.fr\/particuliers\/R2054.xhtml\" target=\"_blank\" rel=\"noopener\"><span style=\"text-decoration: underline;\"> Biztanleen errolda (ala errolda militarra) <\/span><\/a><\/li>\n<\/ul>\n<p><strong>InfoInformazio osagarriak :<br \/>\n<\/strong>Herria PAUEren menpe dago. Hona Paueko zentroaren datuak :<br \/>\n<strong>CENTRE DU SERVICE NATIONAL de PAU<\/strong>\u00a0\u2013 BP 7531 \u2013 64075 PAU CEDEX \u2013 Tel. : 05 59 40 46 26<br \/>\nAstelehenetik ostegunera: 8:00etatik 12:00etara eta 13:30etik 16:30era \u2013 Ostiraletan: 8:00etatik 12:00etara eta 13:30etik 16:00etara[\/vc_column_text]\t\t<\/div>\n\t<\/div>\n<\/div>\n<\/div>[\/vc_column][\/vc_row]<\/p>\n","protected":false},"excerpt":{"rendered":"<p>[vc_row row_content_width=&#8221;grid&#8221; css=&#8221;.vc_custom_1623227748905{margin-bottom: 60px !important;}&#8221;][vc_column width=&#8221;1\/3&#8243;][vc_widget_sidebar sidebar_id=&#8221;shop-sidebar&#8221;][\/vc_column][vc_column width=&#8221;2\/3&#8243;][\/vc_column][\/vc_row]<\/p>\n","protected":false},"author":1,"featured_media":0,"parent":0,"menu_order":0,"comment_status":"closed","ping_status":"closed","template":"full-width.php","meta":[],"yoast_head":"<!-- This site is optimized with the Yoast SEO plugin v17.6 - https:\/\/yoast.com\/wordpress\/plugins\/seo\/ -->\n<title>Desmartxak - Mairie Helette<\/title>\n<meta name=\"robots\" content=\"index, follow, max-snippet:-1, max-image-preview:large, max-video-preview:-1\" \/>\n<link rel=\"canonical\" href=\"https:\/\/helette.fr\/eu\/mes-demarches\/\" \/>\n<meta property=\"og:locale\" content=\"eu_ES\" \/>\n<meta property=\"og:type\" content=\"article\" \/>\n<meta property=\"og:title\" content=\"Desmartxak - Mairie Helette\" \/>\n<meta property=\"og:description\" content=\"[vc_row row_content_width=&#8221;grid&#8221; css=&#8221;.vc_custom_1623227748905{margin-bottom: 60px !important;}&#8221;][vc_column width=&#8221;1\/3&#8243;][vc_widget_sidebar sidebar_id=&#8221;shop-sidebar&#8221;][\/vc_column][vc_column width=&#8221;2\/3&#8243;][\/vc_column][\/vc_row]\" \/>\n<meta property=\"og:url\" content=\"https:\/\/helette.fr\/eu\/mes-demarches\/\" \/>\n<meta property=\"og:site_name\" content=\"Mairie Helette\" \/>\n<meta property=\"article:modified_time\" content=\"2022-06-15T07:19:51+00:00\" \/>\n<meta name=\"twitter:card\" content=\"summary_large_image\" \/>\n<meta name=\"twitter:label1\" content=\"Est. reading time\" \/>\n\t<meta name=\"twitter:data1\" content=\"1 minute\" \/>\n<script type=\"application\/ld+json\" class=\"yoast-schema-graph\">{\"@context\":\"https:\/\/schema.org\",\"@graph\":[{\"@type\":\"WebSite\",\"@id\":\"https:\/\/helette.fr\/#website\",\"url\":\"https:\/\/helette.fr\/\",\"name\":\"Mairie Helette\",\"description\":\"\",\"potentialAction\":[{\"@type\":\"SearchAction\",\"target\":{\"@type\":\"EntryPoint\",\"urlTemplate\":\"https:\/\/helette.fr\/?s={search_term_string}\"},\"query-input\":\"required name=search_term_string\"}],\"inLanguage\":\"eu-ES\"},{\"@type\":\"WebPage\",\"@id\":\"https:\/\/helette.fr\/eu\/mes-demarches\/#webpage\",\"url\":\"https:\/\/helette.fr\/eu\/mes-demarches\/\",\"name\":\"Desmartxak - Mairie Helette\",\"isPartOf\":{\"@id\":\"https:\/\/helette.fr\/#website\"},\"datePublished\":\"2021-06-02T14:31:19+00:00\",\"dateModified\":\"2022-06-15T07:19:51+00:00\",\"breadcrumb\":{\"@id\":\"https:\/\/helette.fr\/eu\/mes-demarches\/#breadcrumb\"},\"inLanguage\":\"eu-ES\",\"potentialAction\":[{\"@type\":\"ReadAction\",\"target\":[\"https:\/\/helette.fr\/eu\/mes-demarches\/\"]}]},{\"@type\":\"BreadcrumbList\",\"@id\":\"https:\/\/helette.fr\/eu\/mes-demarches\/#breadcrumb\",\"itemListElement\":[{\"@type\":\"ListItem\",\"position\":1,\"name\":\"Accueil\",\"item\":\"https:\/\/helette.fr\/eu\/\"},{\"@type\":\"ListItem\",\"position\":2,\"name\":\"Desmartxak\"}]}]}<\/script>\n<!-- \/ Yoast SEO plugin. -->","yoast_head_json":{"title":"Desmartxak - Mairie Helette","robots":{"index":"index","follow":"follow","max-snippet":"max-snippet:-1","max-image-preview":"max-image-preview:large","max-video-preview":"max-video-preview:-1"},"canonical":"https:\/\/helette.fr\/eu\/mes-demarches\/","og_locale":"eu_ES","og_type":"article","og_title":"Desmartxak - Mairie Helette","og_description":"[vc_row row_content_width=&#8221;grid&#8221; css=&#8221;.vc_custom_1623227748905{margin-bottom: 60px !important;}&#8221;][vc_column width=&#8221;1\/3&#8243;][vc_widget_sidebar sidebar_id=&#8221;shop-sidebar&#8221;][\/vc_column][vc_column width=&#8221;2\/3&#8243;][\/vc_column][\/vc_row]","og_url":"https:\/\/helette.fr\/eu\/mes-demarches\/","og_site_name":"Mairie Helette","article_modified_time":"2022-06-15T07:19:51+00:00","twitter_card":"summary_large_image","twitter_misc":{"Est. reading time":"1 minute"},"schema":{"@context":"https:\/\/schema.org","@graph":[{"@type":"WebSite","@id":"https:\/\/helette.fr\/#website","url":"https:\/\/helette.fr\/","name":"Mairie Helette","description":"","potentialAction":[{"@type":"SearchAction","target":{"@type":"EntryPoint","urlTemplate":"https:\/\/helette.fr\/?s={search_term_string}"},"query-input":"required name=search_term_string"}],"inLanguage":"eu-ES"},{"@type":"WebPage","@id":"https:\/\/helette.fr\/eu\/mes-demarches\/#webpage","url":"https:\/\/helette.fr\/eu\/mes-demarches\/","name":"Desmartxak - Mairie Helette","isPartOf":{"@id":"https:\/\/helette.fr\/#website"},"datePublished":"2021-06-02T14:31:19+00:00","dateModified":"2022-06-15T07:19:51+00:00","breadcrumb":{"@id":"https:\/\/helette.fr\/eu\/mes-demarches\/#breadcrumb"},"inLanguage":"eu-ES","potentialAction":[{"@type":"ReadAction","target":["https:\/\/helette.fr\/eu\/mes-demarches\/"]}]},{"@type":"BreadcrumbList","@id":"https:\/\/helette.fr\/eu\/mes-demarches\/#breadcrumb","itemListElement":[{"@type":"ListItem","position":1,"name":"Accueil","item":"https:\/\/helette.fr\/eu\/"},{"@type":"ListItem","position":2,"name":"Desmartxak"}]}]}},"_links":{"self":[{"href":"https:\/\/helette.fr\/eu\/wp-json\/wp\/v2\/pages\/4650"}],"collection":[{"href":"https:\/\/helette.fr\/eu\/wp-json\/wp\/v2\/pages"}],"about":[{"href":"https:\/\/helette.fr\/eu\/wp-json\/wp\/v2\/types\/page"}],"author":[{"embeddable":true,"href":"https:\/\/helette.fr\/eu\/wp-json\/wp\/v2\/users\/1"}],"replies":[{"embeddable":true,"href":"https:\/\/helette.fr\/eu\/wp-json\/wp\/v2\/comments?post=4650"}],"version-history":[{"count":3,"href":"https:\/\/helette.fr\/eu\/wp-json\/wp\/v2\/pages\/4650\/revisions"}],"predecessor-version":[{"id":4653,"href":"https:\/\/helette.fr\/eu\/wp-json\/wp\/v2\/pages\/4650\/revisions\/4653"}],"wp:attachment":[{"href":"https:\/\/helette.fr\/eu\/wp-json\/wp\/v2\/media?parent=4650"}],"curies":[{"name":"wp","href":"https:\/\/api.w.org\/{rel}","templated":true}]}}